{"id":6,"date":"2023-06-23T09:54:58","date_gmt":"2023-06-23T07:54:58","guid":{"rendered":"http:\/\/dusenco.com\/?page_id=6"},"modified":"2025-04-01T14:33:52","modified_gmt":"2025-04-01T12:33:52","slug":"algemene-voorwaarden","status":"publish","type":"page","link":"https:\/\/dusenco.nl\/en\/algemene-voorwaarden\/","title":{"rendered":"Algemene Voorwaarden"},"content":{"rendered":"<div data-elementor-type=\"wp-post\" data-elementor-id=\"6\" class=\"elementor elementor-6\" data-elementor-settings=\"{&quot;ha_cmc_init_switcher&quot;:&quot;no&quot;}\" data-elementor-post-type=\"page\">\n\t\t\t\t\t\t<section class=\"elementor-section elementor-top-section elementor-element elementor-element-d9f2195 elementor-section-boxed elementor-section-height-default elementor-section-height-default\" data-id=\"d9f2195\" data-element_type=\"section\" data-e-type=\"section\" data-settings=\"{&quot;_ha_eqh_enable&quot;:false}\">\n\t\t\t\t\t\t<div class=\"elementor-container elementor-column-gap-default\">\n\t\t\t\t\t<div class=\"elementor-column elementor-col-100 elementor-top-column elementor-element elementor-element-a95d952\" data-id=\"a95d952\" data-element_type=\"column\" data-e-type=\"column\">\n\t\t\t<div class=\"elementor-widget-wrap elementor-element-populated\">\n\t\t\t\t\t\t<div class=\"elementor-element elementor-element-9c0aa37 elementor-widget elementor-widget-spacer\" data-id=\"9c0aa37\" data-element_type=\"widget\" data-e-type=\"widget\" data-widget_type=\"spacer.default\">\n\t\t\t\t<div class=\"elementor-widget-container\">\n\t\t\t\t\t\t\t<div class=\"elementor-spacer\">\n\t\t\t<div class=\"elementor-spacer-inner\"><\/div>\n\t\t<\/div>\n\t\t\t\t\t\t<\/div>\n\t\t\t\t<\/div>\n\t\t\t\t<div class=\"elementor-element elementor-element-c814859 elementor-hidden-desktop elementor-widget elementor-widget-heading\" data-id=\"c814859\" data-element_type=\"widget\" data-e-type=\"widget\" data-widget_type=\"heading.default\">\n\t\t\t\t<div class=\"elementor-widget-container\">\n\t\t\t\t\t<h2 class=\"elementor-heading-title elementor-size-default\">Algemene Voorwaarden<\/h2>\t\t\t\t<\/div>\n\t\t\t\t<\/div>\n\t\t\t\t<div class=\"elementor-element elementor-element-26c1af2 elementor-widget elementor-widget-text-editor\" data-id=\"26c1af2\" data-element_type=\"widget\" data-e-type=\"widget\" data-widget_type=\"text-editor.default\">\n\t\t\t\t<div class=\"elementor-widget-container\">\n\t\t\t\t\t\t\t\t\t<p>Hieronder vindt u onze algemene voorwaarden<\/p>\t\t\t\t\t\t\t\t<\/div>\n\t\t\t\t<\/div>\n\t\t\t\t<div class=\"elementor-element elementor-element-117bc8b elementor-hidden-tablet elementor-hidden-mobile elementor-widget elementor-widget-ha-pdf-view happy-addon ha-pdf-view\" data-id=\"117bc8b\" data-element_type=\"widget\" data-e-type=\"widget\" data-widget_type=\"ha-pdf-view.default\">\n\t\t\t\t<div class=\"elementor-widget-container\">\n\t\t\t\t\t        <div class=\"pdf_viewer_container\">\n            <div class=\"pdf_viewer_options viewer-117bc8b\" data-pdf-settings=\"{&quot;unique_id&quot;:&quot;viewer-117bc8b&quot;,&quot;pdf_url&quot;:&quot;https:\\\/\\\/dusenco.nl\\\/wp-content\\\/uploads\\\/2025\\\/04\\\/Algemene-voorwaarden-Dus-en-Co.pdf&quot;,&quot;file_type&quot;:&quot;url&quot;,&quot;page_number&quot;:&quot;1&quot;,&quot;width&quot;:&quot;100%&quot;,&quot;height&quot;:&quot;600px&quot;}\">\n\t\t\t\t<span class=\"ha-title-flex\">\n\t\t\t\t\t<span class=\"pdf-icon\">\n\t\t\t\t\t\t\t\t\t\t\t<\/span>\n\t\t\t\t\t<h2 class=\"ha-pdf-title\">Algemene Voorwaarden<\/h2>\t\t\t\t<\/span>\n\t\t\t\t                <div class=\"pdf-button\">\n                                <\/div>\n            <\/div>\n\n\t\t\t<div>\n\t\t\t\t<div id=\"viewer-117bc8b\"><\/div>\n\t\t\t<\/div>\n\n        <\/div>\n        \t\t\t\t<\/div>\n\t\t\t\t<\/div>\n\t\t\t\t<div class=\"elementor-element elementor-element-4cf7ee0 elementor-hidden-desktop elementor-widget elementor-widget-text-editor\" data-id=\"4cf7ee0\" data-element_type=\"widget\" data-e-type=\"widget\" data-widget_type=\"text-editor.default\">\n\t\t\t\t<div class=\"elementor-widget-container\">\n\t\t\t\t\t\t\t\t\t<p><strong>1. Toepasselijkheid<\/strong><\/p><p>Deze algemene voorwaarden zijn van toepassing op alle overeenkomsten, leveringen en diensten tussen Dus&amp;Co (hierna &#8220;wij&#8221;, &#8220;ons&#8221; of &#8220;het bedrijf&#8221; genoemd) en de klant (hierna &#8220;u&#8221; of &#8220;de klant&#8221; genoemd). Door gebruik te maken van onze producten, diensten of website stemt u in met deze algemene voorwaarden.<\/p><p><strong>2. Producten en diensten<\/strong><\/p><p>Wij leveren producten zoals beschreven op onze website, in onze offertes of in andere communicatiemiddelen. Alle producten blijven ons eigendom totdat de volledige betaling is ontvangen.<\/p><p><strong>3. Prijzen en betaling<\/strong><\/p><p>De prijzen voor onze producten worden vermeld in euro&#8217;s en zijn inclusief btw en exclusief verzendkosten, tenzij anders vermeld. U kunt betalen via IDEAL en Klarna.<\/p><p><strong>4. Levering<\/strong><\/p><p>Wij streven ernaar om producten binnen 1-3 dagen te versturen. De leveringstermijnen zijn echter indicatief en geen fatale termijnen, tenzij uitdrukkelijk anders overeengekomen. Wij zijn niet aansprakelijk voor enige schade als gevolg van vertraging in de levering.<\/p><p>U bent zelf verantwoordelijk voor het juist invullen van uw adresgegevens. Deze worden automatisch \u00e9\u00e9n-op-\u00e9\u00e9n overgenomen op het adresetiket. Controleer deze dus goed voordat u uw bestelling bevestigd! Merk op dat indien u niet thuis bent en uw bestelling niet bij de buren afgegeven kan worden, de zending naar een ophaallocatie van de post bezorgende partij gaat. U dient uw zending daar binnen een door hun bepaalde periode op te halen. Indien u het niet binnen die periode ophaalt sturen zij het retour en moeten wij helaas nogmaals verzendkosten rekenen om het opnieuw naar u op te sturen. Dit geldt ook als u zelf bij het bestellen kiest voor afhalen op een ophaallocatie.<\/p><p><strong>5. Intellectueel eigendom<\/strong><\/p><p>Het is niet toegestaan om onze producten te kopi\u00ebren en\/of te reproduceren. Ook is het niet toegestaan, zonder schriftelijke toestemming, tekst- en\/of beeldmateriaal van de website te kopi\u00ebren of anderszins te gebruiken.<\/p><p><strong>6. Aansprakelijkheid<\/strong><\/p><p>Wij streven ernaar om onze producten van de hoogste kwaliteit te leveren. Desondanks zijn wij niet aansprakelijk voor enige directe, indirecte, incidentele of gevolgschade die voortvloeit uit het gebruik van onze producten of diensten. Onze aansprakelijkheid is te allen tijde beperkt tot de factuurwaarde van de betreffende producten of diensten.<\/p><p><strong>7. Overmacht<\/strong><\/p><p>In geval van overmacht, zoals natuurrampen, oorlog, stakingen, technische storingen of andere onvoorziene omstandigheden buiten onze controle, zijn wij niet aansprakelijk voor enige vertraging, tekortkoming of gevolgschade.<\/p><p><strong>8. Privacy en gegevensbescherming<\/strong><\/p><p>Wij respecteren uw privacy en behandelen uw persoonlijke gegevens in overeenstemming met de geldende privacywetgeving. Raadpleeg onze privacyverklaring voor meer informatie over hoe wij uw gegevens verwerken en beschermen.<\/p><p><strong>9. Toepasselijk recht en geschillenbeslechting<\/strong><\/p><p>Op deze algemene voorwaarden is het recht van Nederland van toepassing. Eventuele geschillen die voortvloeien uit deze algemene voorwaarden zullen worden voorgelegd aan de bevoegde rechtbanken van Utrecht.<\/p><p><strong>10. Wijzigingen<\/strong><\/p><p>Wij behouden ons het recht voor om deze algemene voorwaarden op elk moment te wijzigen. De gewijzigde voorwaarden zijn van toepassing op alle nieuwe overeenkomsten en bestellingen na de wijzigingsdatum. Indien u vragen heeft over deze algemene voorwaarden, neem dan contact met ons op via de contactgegevens vermeld op onze website.<\/p><p><strong>11. Onze contactgegevens<\/strong><\/p><p><strong>Dus&amp;Co<\/strong><\/p><p><strong>M: <a href=\"mailto:info@dusenco.nl\">info@dusenco.nl<\/a><\/strong><\/p>\t\t\t\t\t\t\t\t<\/div>\n\t\t\t\t<\/div>\n\t\t\t\t<div class=\"elementor-element elementor-element-d99c560 elementor-widget elementor-widget-spacer\" data-id=\"d99c560\" data-element_type=\"widget\" data-e-type=\"widget\" data-widget_type=\"spacer.default\">\n\t\t\t\t<div class=\"elementor-widget-container\">\n\t\t\t\t\t\t\t<div class=\"elementor-spacer\">\n\t\t\t<div class=\"elementor-spacer-inner\"><\/div>\n\t\t<\/div>\n\t\t\t\t\t\t<\/div>\n\t\t\t\t<\/div>\n\t\t\t\t\t<\/div>\n\t\t<\/div>\n\t\t\t\t\t<\/div>\n\t\t<\/section>\n\t\t\t\t<\/div>","protected":false},"excerpt":{"rendered":"<p>Algemene Voorwaarden Hieronder vindt u onze algemene voorwaarden Algemene Voorwaarden 1. Toepasselijkheid Deze algemene voorwaarden zijn van toepassing op alle overeenkomsten, leveringen en diensten tussen Dus&amp;Co (hierna &#8220;wij&#8221;, &#8220;ons&#8221; of &#8220;het bedrijf&#8221; genoemd) en de klant (hierna &#8220;u&#8221; of &#8220;de klant&#8221; genoemd). Door gebruik te maken van onze producten, diensten of website stemt u in [&hellip;]<\/p>\n","protected":false},"author":1,"featured_media":0,"parent":0,"menu_order":0,"comment_status":"closed","ping_status":"closed","template":"","meta":{"footnotes":""},"class_list":["post-6","page","type-page","status-publish","hentry"],"yoast_head":"<!-- This site is optimized with the Yoast SEO plugin v27.4 - https:\/\/yoast.com\/product\/yoast-seo-wordpress\/ -->\n<title>Algemene Voorwaarden - Dus &amp; Co<\/title>\n<meta name=\"description\" content=\"Hier vindt u de algemene voorwaarden van Dus&amp;Co\" \/>\n<meta name=\"robots\" content=\"index, follow, max-snippet:-1, max-image-preview:large, max-video-preview:-1\" \/>\n<link rel=\"canonical\" href=\"https:\/\/dusenco.nl\/en\/algemene-voorwaarden\/\" \/>\n<meta property=\"og:locale\" content=\"en_US\" \/>\n<meta property=\"og:type\" content=\"article\" \/>\n<meta property=\"og:title\" content=\"Algemene Voorwaarden - Dus &amp; Co\" \/>\n<meta property=\"og:description\" content=\"Hier vindt u de algemene voorwaarden van Dus&amp;Co\" \/>\n<meta property=\"og:url\" content=\"https:\/\/dusenco.nl\/en\/algemene-voorwaarden\/\" \/>\n<meta property=\"og:site_name\" content=\"Dus &amp; Co\" \/>\n<meta property=\"article:modified_time\" content=\"2025-04-01T12:33:52+00:00\" \/>\n<meta property=\"og:image\" content=\"https:\/\/dusenco.nl\/wp-content\/uploads\/2023\/07\/cropped-logo-large-1.png\" \/>\n\t<meta property=\"og:image:width\" content=\"512\" \/>\n\t<meta property=\"og:image:height\" content=\"512\" \/>\n\t<meta property=\"og:image:type\" content=\"image\/png\" \/>\n<meta name=\"twitter:card\" content=\"summary_large_image\" \/>\n<meta name=\"twitter:label1\" content=\"Est. reading time\" \/>\n\t<meta name=\"twitter:data1\" content=\"3 minutes\" \/>\n<script type=\"application\/ld+json\" class=\"yoast-schema-graph\">{\"@context\":\"https:\\\/\\\/schema.org\",\"@graph\":[{\"@type\":\"WebPage\",\"@id\":\"https:\\\/\\\/dusenco.nl\\\/algemene-voorwaarden\\\/\",\"url\":\"https:\\\/\\\/dusenco.nl\\\/algemene-voorwaarden\\\/\",\"name\":\"Algemene Voorwaarden - Dus &amp; Co\",\"isPartOf\":{\"@id\":\"https:\\\/\\\/dusenco.nl\\\/#website\"},\"datePublished\":\"2023-06-23T07:54:58+00:00\",\"dateModified\":\"2025-04-01T12:33:52+00:00\",\"description\":\"Hier vindt u de algemene voorwaarden van Dus&Co\",\"breadcrumb\":{\"@id\":\"https:\\\/\\\/dusenco.nl\\\/algemene-voorwaarden\\\/#breadcrumb\"},\"inLanguage\":\"en-US\",\"potentialAction\":[{\"@type\":\"ReadAction\",\"target\":[\"https:\\\/\\\/dusenco.nl\\\/algemene-voorwaarden\\\/\"]}]},{\"@type\":\"BreadcrumbList\",\"@id\":\"https:\\\/\\\/dusenco.nl\\\/algemene-voorwaarden\\\/#breadcrumb\",\"itemListElement\":[{\"@type\":\"ListItem\",\"position\":1,\"name\":\"Home\",\"item\":\"https:\\\/\\\/dusenco.nl\\\/\"},{\"@type\":\"ListItem\",\"position\":2,\"name\":\"Algemene Voorwaarden\"}]},{\"@type\":\"WebSite\",\"@id\":\"https:\\\/\\\/dusenco.nl\\\/#website\",\"url\":\"https:\\\/\\\/dusenco.nl\\\/\",\"name\":\"Dus & Co\",\"description\":\"Houten handgemaakt speelgoed \",\"publisher\":{\"@id\":\"https:\\\/\\\/dusenco.nl\\\/#organization\"},\"potentialAction\":[{\"@type\":\"SearchAction\",\"target\":{\"@type\":\"EntryPoint\",\"urlTemplate\":\"https:\\\/\\\/dusenco.nl\\\/?s={search_term_string}\"},\"query-input\":{\"@type\":\"PropertyValueSpecification\",\"valueRequired\":true,\"valueName\":\"search_term_string\"}}],\"inLanguage\":\"en-US\"},{\"@type\":\"Organization\",\"@id\":\"https:\\\/\\\/dusenco.nl\\\/#organization\",\"name\":\"Dus & Co\",\"url\":\"https:\\\/\\\/dusenco.nl\\\/\",\"logo\":{\"@type\":\"ImageObject\",\"inLanguage\":\"en-US\",\"@id\":\"https:\\\/\\\/dusenco.nl\\\/#\\\/schema\\\/logo\\\/image\\\/\",\"url\":\"https:\\\/\\\/dusenco.nl\\\/wp-content\\\/uploads\\\/2023\\\/07\\\/logo-large.png\",\"contentUrl\":\"https:\\\/\\\/dusenco.nl\\\/wp-content\\\/uploads\\\/2023\\\/07\\\/logo-large.png\",\"width\":2000,\"height\":1714,\"caption\":\"Dus & Co\"},\"image\":{\"@id\":\"https:\\\/\\\/dusenco.nl\\\/#\\\/schema\\\/logo\\\/image\\\/\"}}]}<\/script>\n<!-- \/ Yoast SEO plugin. -->","yoast_head_json":{"title":"Algemene Voorwaarden - Dus &amp; Co","description":"Hier vindt u de algemene voorwaarden van Dus&Co","robots":{"index":"index","follow":"follow","max-snippet":"max-snippet:-1","max-image-preview":"max-image-preview:large","max-video-preview":"max-video-preview:-1"},"canonical":"https:\/\/dusenco.nl\/en\/algemene-voorwaarden\/","og_locale":"en_US","og_type":"article","og_title":"Algemene Voorwaarden - Dus &amp; Co","og_description":"Hier vindt u de algemene voorwaarden van Dus&Co","og_url":"https:\/\/dusenco.nl\/en\/algemene-voorwaarden\/","og_site_name":"Dus &amp; Co","article_modified_time":"2025-04-01T12:33:52+00:00","og_image":[{"width":512,"height":512,"url":"https:\/\/dusenco.nl\/wp-content\/uploads\/2023\/07\/cropped-logo-large-1.png","type":"image\/png"}],"twitter_card":"summary_large_image","twitter_misc":{"Est. reading time":"3 minutes"},"schema":{"@context":"https:\/\/schema.org","@graph":[{"@type":"WebPage","@id":"https:\/\/dusenco.nl\/algemene-voorwaarden\/","url":"https:\/\/dusenco.nl\/algemene-voorwaarden\/","name":"Algemene Voorwaarden - Dus &amp; Co","isPartOf":{"@id":"https:\/\/dusenco.nl\/#website"},"datePublished":"2023-06-23T07:54:58+00:00","dateModified":"2025-04-01T12:33:52+00:00","description":"Hier vindt u de algemene voorwaarden van Dus&Co","breadcrumb":{"@id":"https:\/\/dusenco.nl\/algemene-voorwaarden\/#breadcrumb"},"inLanguage":"en-US","potentialAction":[{"@type":"ReadAction","target":["https:\/\/dusenco.nl\/algemene-voorwaarden\/"]}]},{"@type":"BreadcrumbList","@id":"https:\/\/dusenco.nl\/algemene-voorwaarden\/#breadcrumb","itemListElement":[{"@type":"ListItem","position":1,"name":"Home","item":"https:\/\/dusenco.nl\/"},{"@type":"ListItem","position":2,"name":"Algemene Voorwaarden"}]},{"@type":"WebSite","@id":"https:\/\/dusenco.nl\/#website","url":"https:\/\/dusenco.nl\/","name":"Dus & Co","description":"Houten handgemaakt speelgoed","publisher":{"@id":"https:\/\/dusenco.nl\/#organization"},"potentialAction":[{"@type":"SearchAction","target":{"@type":"EntryPoint","urlTemplate":"https:\/\/dusenco.nl\/?s={search_term_string}"},"query-input":{"@type":"PropertyValueSpecification","valueRequired":true,"valueName":"search_term_string"}}],"inLanguage":"en-US"},{"@type":"Organization","@id":"https:\/\/dusenco.nl\/#organization","name":"Dus & Co","url":"https:\/\/dusenco.nl\/","logo":{"@type":"ImageObject","inLanguage":"en-US","@id":"https:\/\/dusenco.nl\/#\/schema\/logo\/image\/","url":"https:\/\/dusenco.nl\/wp-content\/uploads\/2023\/07\/logo-large.png","contentUrl":"https:\/\/dusenco.nl\/wp-content\/uploads\/2023\/07\/logo-large.png","width":2000,"height":1714,"caption":"Dus & Co"},"image":{"@id":"https:\/\/dusenco.nl\/#\/schema\/logo\/image\/"}}]}},"publishpress_future_action":{"enabled":false,"date":"2026-05-06 09:20:55","action":"change-status","newStatus":"draft","terms":[],"taxonomy":"","extraData":[]},"publishpress_future_workflow_manual_trigger":{"enabledWorkflows":[]},"_links":{"self":[{"href":"https:\/\/dusenco.nl\/en\/wp-json\/wp\/v2\/pages\/6","targetHints":{"allow":["GET"]}}],"collection":[{"href":"https:\/\/dusenco.nl\/en\/wp-json\/wp\/v2\/pages"}],"about":[{"href":"https:\/\/dusenco.nl\/en\/wp-json\/wp\/v2\/types\/page"}],"author":[{"embeddable":true,"href":"https:\/\/dusenco.nl\/en\/wp-json\/wp\/v2\/users\/1"}],"replies":[{"embeddable":true,"href":"https:\/\/dusenco.nl\/en\/wp-json\/wp\/v2\/comments?post=6"}],"version-history":[{"count":152,"href":"https:\/\/dusenco.nl\/en\/wp-json\/wp\/v2\/pages\/6\/revisions"}],"predecessor-version":[{"id":4525,"href":"https:\/\/dusenco.nl\/en\/wp-json\/wp\/v2\/pages\/6\/revisions\/4525"}],"wp:attachment":[{"href":"https:\/\/dusenco.nl\/en\/wp-json\/wp\/v2\/media?parent=6"}],"curies":[{"name":"wp","href":"https:\/\/api.w.org\/{rel}","templated":true}]}}