{"id":1929,"date":"2023-11-15T13:56:49","date_gmt":"2023-11-15T12:56:49","guid":{"rendered":"https:\/\/dusenco.com\/?page_id=1929"},"modified":"2024-09-18T12:08:20","modified_gmt":"2024-09-18T10:08:20","slug":"verzendproces","status":"publish","type":"page","link":"https:\/\/dusenco.nl\/en\/verzendproces\/","title":{"rendered":"Verzendproces"},"content":{"rendered":"<div data-elementor-type=\"wp-page\" data-elementor-id=\"1929\" class=\"elementor elementor-1929\" data-elementor-settings=\"{&quot;ha_cmc_init_switcher&quot;:&quot;no&quot;}\" data-elementor-post-type=\"page\">\n\t\t\t\t\t\t<section class=\"elementor-section elementor-top-section elementor-element elementor-element-d04dbd8 elementor-section-boxed elementor-section-height-default elementor-section-height-default\" data-id=\"d04dbd8\" data-element_type=\"section\" data-e-type=\"section\" data-settings=\"{&quot;_ha_eqh_enable&quot;:false}\">\n\t\t\t\t\t\t<div class=\"elementor-container elementor-column-gap-default\">\n\t\t\t\t\t<div class=\"elementor-column elementor-col-100 elementor-top-column elementor-element elementor-element-2b2983c\" data-id=\"2b2983c\" data-element_type=\"column\" data-e-type=\"column\">\n\t\t\t<div class=\"elementor-widget-wrap elementor-element-populated\">\n\t\t\t\t\t\t<div class=\"elementor-element elementor-element-f7e52a6 elementor-widget elementor-widget-spacer\" data-id=\"f7e52a6\" data-element_type=\"widget\" data-e-type=\"widget\" data-widget_type=\"spacer.default\">\n\t\t\t\t<div class=\"elementor-widget-container\">\n\t\t\t\t\t\t\t<div class=\"elementor-spacer\">\n\t\t\t<div class=\"elementor-spacer-inner\"><\/div>\n\t\t<\/div>\n\t\t\t\t\t\t<\/div>\n\t\t\t\t<\/div>\n\t\t\t\t<div class=\"elementor-element elementor-element-a4ea1e7 elementor-hidden-tablet elementor-hidden-mobile elementor-widget elementor-widget-ha-pdf-view happy-addon ha-pdf-view\" data-id=\"a4ea1e7\" data-element_type=\"widget\" data-e-type=\"widget\" data-widget_type=\"ha-pdf-view.default\">\n\t\t\t\t<div class=\"elementor-widget-container\">\n\t\t\t\t\t        <div class=\"pdf_viewer_container\">\n            <div class=\"pdf_viewer_options viewer-a4ea1e7\" data-pdf-settings=\"{&quot;unique_id&quot;:&quot;viewer-a4ea1e7&quot;,&quot;pdf_url&quot;:&quot;https:\\\/\\\/dusenco.nl\\\/wp-content\\\/uploads\\\/2024\\\/08\\\/Verzendproces-DusCo.pdf&quot;,&quot;file_type&quot;:&quot;url&quot;,&quot;page_number&quot;:&quot;1&quot;,&quot;width&quot;:&quot;100%&quot;,&quot;height&quot;:&quot;600px&quot;}\">\n\t\t\t\t<span class=\"ha-title-flex\">\n\t\t\t\t\t<span class=\"pdf-icon\">\n\t\t\t\t\t\t\t\t\t\t\t<\/span>\n\t\t\t\t\t<h2 class=\"ha-pdf-title\">Verzendproces<\/h2>\t\t\t\t<\/span>\n\t\t\t\t                <div class=\"pdf-button\">\n                                <\/div>\n            <\/div>\n\n\t\t\t<div>\n\t\t\t\t<div id=\"viewer-a4ea1e7\"><\/div>\n\t\t\t<\/div>\n\n        <\/div>\n        \t\t\t\t<\/div>\n\t\t\t\t<\/div>\n\t\t\t\t<div class=\"elementor-element elementor-element-a50c135 elementor-hidden-desktop elementor-widget elementor-widget-text-editor\" data-id=\"a50c135\" data-element_type=\"widget\" data-e-type=\"widget\" data-widget_type=\"text-editor.default\">\n\t\t\t\t<div class=\"elementor-widget-container\">\n\t\t\t\t\t\t\t\t\t<p><strong>Verzendproces<\/strong><\/p><p>Na je bestelling ga ik direct voor je aan de slag, dit betekent dat het unieke speelgoed van Dus&amp;Co speciaal voor jou wordt vervaardigd. De levertijd zal 1-2 weken zijn.<\/p><p>Na het volledig doorlopen van het bestelproces ontvang je een mail als bevestiging van je order. Daarnaast ontvang je een mail met de factuur en wanneer jouw pakket verzonden is ontvang je ook daar een mail over met een track en trace code zodat je op de hoogte kunt blijven wanneer je pakket bezorgd wordt.<\/p><p>Let op bij het invullen van jouw adresgegevens.. Deze worden automatisch \u00e9\u00e9n-op-\u00e9\u00e9n overgenomen op het adresetiket. Controleer deze dus goed voordat je jouw bestelling bevestigt!<br \/>Merk op dat indien je niet thuis bent en jouw bestelling niet bij de buren afgegeven kan worden, de zending naar een ophaallocatie van de post bezorgende partij (PostNL) gaat. Je dient jouw zending daar binnen een door hun bepaalde periode op te halen. Indien je het niet binnen die periode ophaalt sturen zij het retour en moeten wij helaas nogmaals verzendkosten rekenen om het opnieuw naar je op te sturen. Dit geldt ook als je zelf bij het bestellen kiest voor afhalen op een ophaallocatie.<\/p>\t\t\t\t\t\t\t\t<\/div>\n\t\t\t\t<\/div>\n\t\t\t\t<div class=\"elementor-element elementor-element-8e1e56d elementor-widget elementor-widget-spacer\" data-id=\"8e1e56d\" data-element_type=\"widget\" data-e-type=\"widget\" data-widget_type=\"spacer.default\">\n\t\t\t\t<div class=\"elementor-widget-container\">\n\t\t\t\t\t\t\t<div class=\"elementor-spacer\">\n\t\t\t<div class=\"elementor-spacer-inner\"><\/div>\n\t\t<\/div>\n\t\t\t\t\t\t<\/div>\n\t\t\t\t<\/div>\n\t\t\t\t\t<\/div>\n\t\t<\/div>\n\t\t\t\t\t<\/div>\n\t\t<\/section>\n\t\t\t\t<\/div>","protected":false},"excerpt":{"rendered":"<p>Verzendproces Verzendproces Na je bestelling ga ik direct voor je aan de slag, dit betekent dat het unieke speelgoed van Dus&amp;Co speciaal voor jou wordt vervaardigd. De levertijd zal 1-2 weken zijn. Na het volledig doorlopen van het bestelproces ontvang je een mail als bevestiging van je order. Daarnaast ontvang je een mail met de [&hellip;]<\/p>\n","protected":false},"author":10,"featured_media":0,"parent":0,"menu_order":0,"comment_status":"closed","ping_status":"closed","template":"","meta":{"footnotes":""},"class_list":["post-1929","page","type-page","status-publish","hentry"],"yoast_head":"<!-- This site is optimized with the Yoast SEO plugin v27.4 - https:\/\/yoast.com\/product\/yoast-seo-wordpress\/ -->\n<title>Verzendproces - Dus &amp; Co<\/title>\n<meta name=\"description\" content=\"Op deze pagina vindt u meer informatie over het verzendproces van Dus&amp;Co.\" \/>\n<meta name=\"robots\" content=\"index, follow, max-snippet:-1, max-image-preview:large, max-video-preview:-1\" \/>\n<link rel=\"canonical\" href=\"https:\/\/dusenco.nl\/en\/verzendproces\/\" \/>\n<meta property=\"og:locale\" content=\"en_US\" \/>\n<meta property=\"og:type\" content=\"article\" \/>\n<meta property=\"og:title\" content=\"Verzendproces - Dus &amp; Co\" \/>\n<meta property=\"og:description\" content=\"Op deze pagina vindt u meer informatie over het verzendproces van Dus&amp;Co.\" \/>\n<meta property=\"og:url\" content=\"https:\/\/dusenco.nl\/en\/verzendproces\/\" \/>\n<meta property=\"og:site_name\" content=\"Dus &amp; Co\" \/>\n<meta property=\"article:modified_time\" content=\"2024-09-18T10:08:20+00:00\" \/>\n<meta property=\"og:image\" content=\"https:\/\/dusenco.nl\/wp-content\/uploads\/2023\/07\/cropped-logo-large-1.png\" \/>\n\t<meta property=\"og:image:width\" content=\"512\" \/>\n\t<meta property=\"og:image:height\" content=\"512\" \/>\n\t<meta property=\"og:image:type\" content=\"image\/png\" \/>\n<meta name=\"twitter:card\" content=\"summary_large_image\" \/>\n<meta name=\"twitter:label1\" content=\"Est. reading time\" \/>\n\t<meta name=\"twitter:data1\" content=\"1 minute\" \/>\n<script type=\"application\/ld+json\" class=\"yoast-schema-graph\">{\"@context\":\"https:\\\/\\\/schema.org\",\"@graph\":[{\"@type\":\"WebPage\",\"@id\":\"https:\\\/\\\/dusenco.nl\\\/verzendproces\\\/\",\"url\":\"https:\\\/\\\/dusenco.nl\\\/verzendproces\\\/\",\"name\":\"Verzendproces - Dus &amp; Co\",\"isPartOf\":{\"@id\":\"https:\\\/\\\/dusenco.nl\\\/#website\"},\"datePublished\":\"2023-11-15T12:56:49+00:00\",\"dateModified\":\"2024-09-18T10:08:20+00:00\",\"description\":\"Op deze pagina vindt u meer informatie over het verzendproces van Dus&Co.\",\"breadcrumb\":{\"@id\":\"https:\\\/\\\/dusenco.nl\\\/verzendproces\\\/#breadcrumb\"},\"inLanguage\":\"en-US\",\"potentialAction\":[{\"@type\":\"ReadAction\",\"target\":[\"https:\\\/\\\/dusenco.nl\\\/verzendproces\\\/\"]}]},{\"@type\":\"BreadcrumbList\",\"@id\":\"https:\\\/\\\/dusenco.nl\\\/verzendproces\\\/#breadcrumb\",\"itemListElement\":[{\"@type\":\"ListItem\",\"position\":1,\"name\":\"Home\",\"item\":\"https:\\\/\\\/dusenco.nl\\\/\"},{\"@type\":\"ListItem\",\"position\":2,\"name\":\"Verzendproces\"}]},{\"@type\":\"WebSite\",\"@id\":\"https:\\\/\\\/dusenco.nl\\\/#website\",\"url\":\"https:\\\/\\\/dusenco.nl\\\/\",\"name\":\"Dus & Co\",\"description\":\"Houten handgemaakt speelgoed \",\"publisher\":{\"@id\":\"https:\\\/\\\/dusenco.nl\\\/#organization\"},\"potentialAction\":[{\"@type\":\"SearchAction\",\"target\":{\"@type\":\"EntryPoint\",\"urlTemplate\":\"https:\\\/\\\/dusenco.nl\\\/?s={search_term_string}\"},\"query-input\":{\"@type\":\"PropertyValueSpecification\",\"valueRequired\":true,\"valueName\":\"search_term_string\"}}],\"inLanguage\":\"en-US\"},{\"@type\":\"Organization\",\"@id\":\"https:\\\/\\\/dusenco.nl\\\/#organization\",\"name\":\"Dus & Co\",\"url\":\"https:\\\/\\\/dusenco.nl\\\/\",\"logo\":{\"@type\":\"ImageObject\",\"inLanguage\":\"en-US\",\"@id\":\"https:\\\/\\\/dusenco.nl\\\/#\\\/schema\\\/logo\\\/image\\\/\",\"url\":\"https:\\\/\\\/dusenco.nl\\\/wp-content\\\/uploads\\\/2023\\\/07\\\/logo-large.png\",\"contentUrl\":\"https:\\\/\\\/dusenco.nl\\\/wp-content\\\/uploads\\\/2023\\\/07\\\/logo-large.png\",\"width\":2000,\"height\":1714,\"caption\":\"Dus & Co\"},\"image\":{\"@id\":\"https:\\\/\\\/dusenco.nl\\\/#\\\/schema\\\/logo\\\/image\\\/\"}}]}<\/script>\n<!-- \/ Yoast SEO plugin. -->","yoast_head_json":{"title":"Verzendproces - Dus &amp; Co","description":"Op deze pagina vindt u meer informatie over het verzendproces van Dus&Co.","robots":{"index":"index","follow":"follow","max-snippet":"max-snippet:-1","max-image-preview":"max-image-preview:large","max-video-preview":"max-video-preview:-1"},"canonical":"https:\/\/dusenco.nl\/en\/verzendproces\/","og_locale":"en_US","og_type":"article","og_title":"Verzendproces - Dus &amp; Co","og_description":"Op deze pagina vindt u meer informatie over het verzendproces van Dus&Co.","og_url":"https:\/\/dusenco.nl\/en\/verzendproces\/","og_site_name":"Dus &amp; Co","article_modified_time":"2024-09-18T10:08:20+00:00","og_image":[{"width":512,"height":512,"url":"https:\/\/dusenco.nl\/wp-content\/uploads\/2023\/07\/cropped-logo-large-1.png","type":"image\/png"}],"twitter_card":"summary_large_image","twitter_misc":{"Est. reading time":"1 minute"},"schema":{"@context":"https:\/\/schema.org","@graph":[{"@type":"WebPage","@id":"https:\/\/dusenco.nl\/verzendproces\/","url":"https:\/\/dusenco.nl\/verzendproces\/","name":"Verzendproces - Dus &amp; Co","isPartOf":{"@id":"https:\/\/dusenco.nl\/#website"},"datePublished":"2023-11-15T12:56:49+00:00","dateModified":"2024-09-18T10:08:20+00:00","description":"Op deze pagina vindt u meer informatie over het verzendproces van Dus&Co.","breadcrumb":{"@id":"https:\/\/dusenco.nl\/verzendproces\/#breadcrumb"},"inLanguage":"en-US","potentialAction":[{"@type":"ReadAction","target":["https:\/\/dusenco.nl\/verzendproces\/"]}]},{"@type":"BreadcrumbList","@id":"https:\/\/dusenco.nl\/verzendproces\/#breadcrumb","itemListElement":[{"@type":"ListItem","position":1,"name":"Home","item":"https:\/\/dusenco.nl\/"},{"@type":"ListItem","position":2,"name":"Verzendproces"}]},{"@type":"WebSite","@id":"https:\/\/dusenco.nl\/#website","url":"https:\/\/dusenco.nl\/","name":"Dus & Co","description":"Houten handgemaakt speelgoed","publisher":{"@id":"https:\/\/dusenco.nl\/#organization"},"potentialAction":[{"@type":"SearchAction","target":{"@type":"EntryPoint","urlTemplate":"https:\/\/dusenco.nl\/?s={search_term_string}"},"query-input":{"@type":"PropertyValueSpecification","valueRequired":true,"valueName":"search_term_string"}}],"inLanguage":"en-US"},{"@type":"Organization","@id":"https:\/\/dusenco.nl\/#organization","name":"Dus & Co","url":"https:\/\/dusenco.nl\/","logo":{"@type":"ImageObject","inLanguage":"en-US","@id":"https:\/\/dusenco.nl\/#\/schema\/logo\/image\/","url":"https:\/\/dusenco.nl\/wp-content\/uploads\/2023\/07\/logo-large.png","contentUrl":"https:\/\/dusenco.nl\/wp-content\/uploads\/2023\/07\/logo-large.png","width":2000,"height":1714,"caption":"Dus & Co"},"image":{"@id":"https:\/\/dusenco.nl\/#\/schema\/logo\/image\/"}}]}},"publishpress_future_action":{"enabled":false,"date":"2026-05-06 09:22:07","action":"change-status","newStatus":"draft","terms":[],"taxonomy":"","extraData":[]},"publishpress_future_workflow_manual_trigger":{"enabledWorkflows":[]},"_links":{"self":[{"href":"https:\/\/dusenco.nl\/en\/wp-json\/wp\/v2\/pages\/1929","targetHints":{"allow":["GET"]}}],"collection":[{"href":"https:\/\/dusenco.nl\/en\/wp-json\/wp\/v2\/pages"}],"about":[{"href":"https:\/\/dusenco.nl\/en\/wp-json\/wp\/v2\/types\/page"}],"author":[{"embeddable":true,"href":"https:\/\/dusenco.nl\/en\/wp-json\/wp\/v2\/users\/10"}],"replies":[{"embeddable":true,"href":"https:\/\/dusenco.nl\/en\/wp-json\/wp\/v2\/comments?post=1929"}],"version-history":[{"count":55,"href":"https:\/\/dusenco.nl\/en\/wp-json\/wp\/v2\/pages\/1929\/revisions"}],"predecessor-version":[{"id":4099,"href":"https:\/\/dusenco.nl\/en\/wp-json\/wp\/v2\/pages\/1929\/revisions\/4099"}],"wp:attachment":[{"href":"https:\/\/dusenco.nl\/en\/wp-json\/wp\/v2\/media?parent=1929"}],"curies":[{"name":"wp","href":"https:\/\/api.w.org\/{rel}","templated":true}]}}